{"id":16443,"date":"2024-05-03T14:35:06","date_gmt":"2024-05-03T14:35:06","guid":{"rendered":"https:\/\/parisladouceur.cyberlog.tech\/our-expertise\/"},"modified":"2024-07-31T14:58:47","modified_gmt":"2024-07-31T14:58:47","slug":"our-expertise","status":"publish","type":"page","link":"https:\/\/parisladouceur.ca\/en\/our-expertise\/","title":{"rendered":"Our Expertise"},"content":{"rendered":"<p>[et_pb_section fb_built=&#8221;1&#8243; admin_label=&#8221;Section&#8221; module_class=&#8221;banner&#8221; _builder_version=&#8221;4.27.0&#8243; _module_preset=&#8221;default&#8221; use_background_color_gradient=&#8221;on&#8221; background_color_gradient_direction=&#8221;45deg&#8221; background_color_gradient_stops=&#8221;#0089b1 9%|rgba(255,255,255,0) 9%&#8221; background_color_gradient_overlays_image=&#8221;on&#8221; background_image=&#8221;https:\/\/parisladouceur.ca\/wp-content\/uploads\/2024\/05\/services-evaluateurs-agrees.webp&#8221; height_tablet=&#8221;318px&#8221; height_phone=&#8221;318px&#8221; height_last_edited=&#8221;on|phone&#8221; custom_padding=&#8221;0px||0px||true|false&#8221; da_disable_devices=&#8221;off|off|off&#8221; global_colors_info=&#8221;{}&#8221; da_is_popup=&#8221;off&#8221; da_exit_intent=&#8221;off&#8221; da_has_close=&#8221;on&#8221; da_alt_close=&#8221;off&#8221; da_dark_close=&#8221;off&#8221; da_not_modal=&#8221;on&#8221; da_is_singular=&#8221;off&#8221; da_with_loader=&#8221;off&#8221; da_has_shadow=&#8221;on&#8221;][et_pb_row _builder_version=&#8221;4.25.0&#8243; _module_preset=&#8221;default&#8221; custom_padding=&#8221;0px||||false|false&#8221; global_colors_info=&#8221;{}&#8221;][et_pb_column type=&#8221;4_4&#8243; _builder_version=&#8221;4.25.0&#8243; _module_preset=&#8221;default&#8221; global_colors_info=&#8221;{}&#8221;][\/et_pb_column][\/et_pb_row][\/et_pb_section][et_pb_section fb_built=&#8221;1&#8243; use_custom_gutter=&#8221;on&#8221; gutter_width=&#8221;1&#8243; specialty=&#8221;on&#8221; custom_padding_last_edited=&#8221;on|phone&#8221; admin_label=&#8221;Section&#8221; module_class=&#8221;pageExpertise twoCol_sidebar&#8221; _builder_version=&#8221;4.25.1&#8243; _module_preset=&#8221;default&#8221; inner_width=&#8221;100%&#8221; custom_padding=&#8221;0px||0px||false|false&#8221; custom_padding_tablet=&#8221;|||0px|true|false&#8221; custom_padding_phone=&#8221;|||0px|true|false&#8221; custom_css_free_form=&#8221;@media only screen and (max-width: 850px) {||.pageExpertise.twoCol_sidebar .et_pb_row.et_pb_gutters1 {||  display:flex;||  flex-direction: column;||\t}||}||&#8221; da_disable_devices=&#8221;off|off|off&#8221; global_colors_info=&#8221;{}&#8221; da_is_popup=&#8221;off&#8221; da_exit_intent=&#8221;off&#8221; da_has_close=&#8221;on&#8221; da_alt_close=&#8221;off&#8221; da_dark_close=&#8221;off&#8221; da_not_modal=&#8221;on&#8221; da_is_singular=&#8221;off&#8221; da_with_loader=&#8221;off&#8221; da_has_shadow=&#8221;on&#8221;][et_pb_column type=&#8221;1_2&#8243; _builder_version=&#8221;4.16&#8243; custom_padding=&#8221;|||&#8221; global_colors_info=&#8221;{}&#8221; custom_padding__hover=&#8221;|||&#8221;][et_pb_text module_class=&#8221;titre_services padding15&#8243; _builder_version=&#8221;4.25.0&#8243; _module_preset=&#8221;default&#8221; custom_padding=&#8221;||||true&#8221; custom_padding_tablet=&#8221;30px||||false|false&#8221; custom_padding_phone=&#8221;30px||||false|false&#8221; custom_padding_last_edited=&#8221;on|tablet&#8221; custom_css_free_form=&#8221;.titre_services p {||  margin-bottom: 10px !important;||}&#8221; global_colors_info=&#8221;{}&#8221;]<\/p>\n<h2>Services<\/h2>\n<p><span>We produce market value appraisal reports for the following purposes:<\/span><\/p>\n<p>[\/et_pb_text][et_pb_code module_class=&#8221;padding15&#8243; _builder_version=&#8221;4.25.1&#8243; _module_preset=&#8221;default&#8221; global_colors_info=&#8221;{}&#8221;]<\/p>\n<div class=\"section_liste twoCol\"><!-- [et_pb_line_break_holder] -->\t<\/p>\n<div class=\"left_list\"><!-- [et_pb_line_break_holder] -->    <\/p>\n<ul><!-- [et_pb_line_break_holder] -->\t\t\t<\/p>\n<li>Mortgage Financing<\/li>\n<p><!-- [et_pb_line_break_holder] -->\t\t\t<\/p>\n<li>Taxes<\/li>\n<p><!-- [et_pb_line_break_holder] -->\t\t\t<\/p>\n<li>Acquisition\/Disposition<\/li>\n<p><!-- [et_pb_line_break_holder] -->\t\t\t<\/p>\n<li>Succession Settlements<\/li>\n<p><!-- [et_pb_line_break_holder] -->\t\t\t<\/p>\n<li>Liquidation<\/li>\n<p><!-- [et_pb_line_break_holder] -->\t\t\t<\/p>\n<li>Separation\/Divorce<\/li>\n<p><!-- [et_pb_line_break_holder] -->    <\/ul>\n<p><!-- [et_pb_line_break_holder] -->  <\/div>\n<p><!-- [et_pb_line_break_holder] -->  <\/p>\n<div class=\"right_list\"><!-- [et_pb_line_break_holder] -->    <\/p>\n<ul><!-- [et_pb_line_break_holder] -->      <\/p>\n<li>Real Estate Portfolio<\/li>\n<p><!-- [et_pb_line_break_holder] --><\/p>\n<li>Insurance<\/li>\n<p><!-- [et_pb_line_break_holder] --><\/p>\n<li>Litigation\/Arbitration<\/li>\n<p><!-- [et_pb_line_break_holder] --><\/p>\n<li>Eminent Domain<\/li>\n<p><!-- [et_pb_line_break_holder] --><\/p>\n<li class=\"bigtext\">Taxation (contestation of the municipal value)<\/li>\n<p><!-- [et_pb_line_break_holder] -->    <\/ul>\n<p><!-- [et_pb_line_break_holder] -->  <\/div>\n<p><!-- [et_pb_line_break_holder] --><\/div>\n<p><!-- [et_pb_line_break_holder] -->[\/et_pb_code][et_pb_text module_class=&#8221;padding15&#8243; _builder_version=&#8221;4.25.0&#8243; _module_preset=&#8221;default&#8221; custom_margin=&#8221;18px||||false|false&#8221; custom_margin_phone=&#8221;||||false|false&#8221; custom_margin_last_edited=&#8221;off|phone&#8221; custom_css_free_form=&#8221;.titre_services p {||  margin-bottom: 10px !important;||}&#8221; global_colors_info=&#8221;{}&#8221;]<\/p>\n<p><span>We also serve the following services:<\/span><\/p>\n<p>[\/et_pb_text][et_pb_code module_class=&#8221;padding15&#8243; _builder_version=&#8221;4.25.1&#8243; _module_preset=&#8221;default&#8221; global_colors_info=&#8221;{}&#8221;]<\/p>\n<div class=\"section_liste twoCol\"><!-- [et_pb_line_break_holder] -->\t<\/p>\n<div class=\"left_list\"><!-- [et_pb_line_break_holder] -->    <\/p>\n<ul><!-- [et_pb_line_break_holder] -->\t\t\t<\/p>\n<li>Real Estate Consultation<\/li>\n<p><!-- [et_pb_line_break_holder] -->\t\t\t<\/p>\n<li>Follow-up Work<\/li>\n<p><!-- [et_pb_line_break_holder] -->\t\t\t<\/p>\n<li>Market Research<\/li>\n<p><!-- [et_pb_line_break_holder] --><!-- [et_pb_line_break_holder] -->    <\/ul>\n<p><!-- [et_pb_line_break_holder] -->  <\/div>\n<p><!-- [et_pb_line_break_holder] --><\/div>\n<p><!-- [et_pb_line_break_holder] -->[\/et_pb_code][et_pb_text module_class=&#8221;titre_services padding15&#8243; _builder_version=&#8221;4.25.0&#8243; _module_preset=&#8221;default&#8221; custom_margin=&#8221;20px||||false|false&#8221; custom_margin_tablet=&#8221;20px||||false|false&#8221; custom_margin_phone=&#8221;20px||||false|false&#8221; custom_margin_last_edited=&#8221;on|desktop&#8221; custom_padding=&#8221;||||true&#8221; custom_padding_tablet=&#8221;||||false|false&#8221; custom_padding_phone=&#8221;||||false|false&#8221; custom_padding_last_edited=&#8221;off|desktop&#8221; custom_css_free_form=&#8221;.titre_services p {||  margin-bottom: 10px !important;||}&#8221; global_colors_info=&#8221;{}&#8221;]<\/p>\n<h2>Building Types<\/h2>\n<p>[\/et_pb_text][et_pb_code module_class=&#8221;padding15&#8243; _builder_version=&#8221;4.25.1&#8243; _module_preset=&#8221;default&#8221; global_colors_info=&#8221;{}&#8221;]<\/p>\n<div class=\"section_liste twoCol\"><!-- [et_pb_line_break_holder] -->\t<\/p>\n<div class=\"left_list\"><!-- [et_pb_line_break_holder] -->    <\/p>\n<h3><!-- [et_pb_line_break_holder] --> RESIDENTIAL<!-- [et_pb_line_break_holder] -->    <\/h3>\n<p><!-- [et_pb_line_break_holder] -->    <\/p>\n<ul><!-- [et_pb_line_break_holder] -->\t\t\t<\/p>\n<li>Single-Family<\/li>\n<p><!-- [et_pb_line_break_holder] --><\/p>\n<li>Duplex<\/li>\n<p><!-- [et_pb_line_break_holder] --><\/p>\n<li>Multifamily<\/li>\n<p><!-- [et_pb_line_break_holder] --><\/p>\n<li>Project to be built<\/li>\n<p><!-- [et_pb_line_break_holder] --><\/p>\n<li>Condominium<\/li>\n<p><!-- [et_pb_line_break_holder] --><\/p>\n<li>Retirement Home<\/li>\n<p><!-- [et_pb_line_break_holder] --><\/p>\n<li>Rooming House<\/li>\n<p><!-- [et_pb_line_break_holder] --><\/p>\n<li>Heritage Building<\/li>\n<p><!-- [et_pb_line_break_holder] --><\/p>\n<li>Motel<\/li>\n<p><!-- [et_pb_line_break_holder] --><\/p>\n<li>Hotel<\/li>\n<p><!-- [et_pb_line_break_holder] --><\/p>\n<li>Chalet\/Resort<\/li>\n<p><!-- [et_pb_line_break_holder] -->    <\/ul>\n<p><!-- [et_pb_line_break_holder] -->  <\/div>\n<p><!-- [et_pb_line_break_holder] -->  <\/p>\n<div class=\"right_list\"><!-- [et_pb_line_break_holder] -->        <\/p>\n<h3><!-- [et_pb_line_break_holder] --> LAND<!-- [et_pb_line_break_holder] -->    <\/h3>\n<p><!-- [et_pb_line_break_holder] -->    <\/p>\n<ul><!-- [et_pb_line_break_holder] -->      <\/p>\n<li>Bulk Selling<\/li>\n<p><!-- [et_pb_line_break_holder] --><\/p>\n<li>Allotment<\/li>\n<p><!-- [et_pb_line_break_holder] --><\/p>\n<li>Agricultural Land<\/li>\n<p><!-- [et_pb_line_break_holder] --><\/p>\n<li>Vacant Land<\/li>\n<p><!-- [et_pb_line_break_holder] --><\/p>\n<li>Waterfront Land<\/li>\n<p><!-- [et_pb_line_break_holder] --><\/p>\n<li>Ecological Donation-Wetlands<\/li>\n<p><!-- [et_pb_line_break_holder] -->    <\/ul>\n<p><!-- [et_pb_line_break_holder] -->  <\/div>\n<p><!-- [et_pb_line_break_holder] --><\/div>\n<p><!-- [et_pb_line_break_holder] -->[\/et_pb_code][et_pb_code module_class=&#8221;padding15&#8243; _builder_version=&#8221;4.25.1&#8243; _module_preset=&#8221;default&#8221; global_colors_info=&#8221;{}&#8221;]<\/p>\n<div class=\"section_liste twoCol\"><!-- [et_pb_line_break_holder] -->\t<\/p>\n<div class=\"left_list\"><!-- [et_pb_line_break_holder] -->    <\/p>\n<h3><!-- [et_pb_line_break_holder] --> INDUSTRIAL<!-- [et_pb_line_break_holder] -->    <\/h3>\n<p><!-- [et_pb_line_break_holder] --><\/p>\n<ul><!-- [et_pb_line_break_holder] --><\/p>\n<li>Condominiums<\/li>\n<p><!-- [et_pb_line_break_holder] --><\/p>\n<li>Owner-Occupant<\/li>\n<p><!-- [et_pb_line_break_holder] --><\/p>\n<li>Multi-tenant<\/li>\n<p><!-- [et_pb_line_break_holder] --><\/p>\n<li>Factory<\/li>\n<p><!-- [et_pb_line_break_holder] --><\/p>\n<li>Alimentary<\/li>\n<p><!-- [et_pb_line_break_holder] --><\/p>\n<li>Manufacturing<\/li>\n<p><!-- [et_pb_line_break_holder] --><\/p>\n<li>Refrigerated warehouse<\/li>\n<p><!-- [et_pb_line_break_holder] --><\/p>\n<li>Mini-warehouse<\/li>\n<p><!-- [et_pb_line_break_holder] --><\/ul>\n<p><!-- [et_pb_line_break_holder] -->  <\/div>\n<p><!-- [et_pb_line_break_holder] -->  <\/p>\n<div class=\"right_list\"><!-- [et_pb_line_break_holder] -->        <\/p>\n<h3><!-- [et_pb_line_break_holder] --> COMMERCIAL<!-- [et_pb_line_break_holder] -->    <\/h3>\n<p><!-- [et_pb_line_break_holder] -->   <\/p>\n<ul><!-- [et_pb_line_break_holder] --><\/p>\n<li>Incomes Property<\/li>\n<p><!-- [et_pb_line_break_holder] --><\/p>\n<li>Restaurant<\/li>\n<p><!-- [et_pb_line_break_holder] --><\/p>\n<li>Commercial Center<\/li>\n<p><!-- [et_pb_line_break_holder] --><\/p>\n<li>Car Dealership<\/li>\n<p><!-- [et_pb_line_break_holder] --><\/p>\n<li>Service-Station<\/li>\n<p><!-- [et_pb_line_break_holder] --><\/p>\n<li>Office Building<\/li>\n<p><!-- [et_pb_line_break_holder] --><\/p>\n<li>Financial Institution<\/li>\n<p><!-- [et_pb_line_break_holder] --><\/p>\n<li>Daycare<\/li>\n<p><!-- [et_pb_line_break_holder] --><\/p>\n<li>Condominiums<\/li>\n<p><!-- [et_pb_line_break_holder] --><\/ul>\n<p><!-- [et_pb_line_break_holder] -->  <\/div>\n<p><!-- [et_pb_line_break_holder] --><\/div>\n<p><!-- [et_pb_line_break_holder] -->[\/et_pb_code][et_pb_code module_class=&#8221;padding15&#8243; _builder_version=&#8221;4.25.1&#8243; _module_preset=&#8221;default&#8221; global_colors_info=&#8221;{}&#8221;]<\/p>\n<div class=\"section_liste twoCol\"><!-- [et_pb_line_break_holder] -->\t<\/p>\n<div class=\"left_list\"><!-- [et_pb_line_break_holder] -->    <\/p>\n<h3><!-- [et_pb_line_break_holder] --> SPECIFIC USES AND OTHERS <!-- [et_pb_line_break_holder] -->    <\/h3>\n<p><!-- [et_pb_line_break_holder] --><\/p>\n<ul><!-- [et_pb_line_break_holder] --><\/p>\n<li>Cemetery<\/li>\n<p><!-- [et_pb_line_break_holder] --><\/p>\n<li>Sports Centre<\/li>\n<p><!-- [et_pb_line_break_holder] --><\/p>\n<li>Slaughterhouse<\/li>\n<p><!-- [et_pb_line_break_holder] --><\/p>\n<li>Marina<\/li>\n<p><!-- [et_pb_line_break_holder] --><\/p>\n<li>Historic Building<\/li>\n<p><!-- [et_pb_line_break_holder] --><\/p>\n<li>Health Centre \/Spa<\/li>\n<p><!-- [et_pb_line_break_holder] --><\/p>\n<li>Ski Resort<\/li>\n<p><!-- [et_pb_line_break_holder] --><\/p>\n<li>Funeral Home<\/li>\n<p><!-- [et_pb_line_break_holder] --><\/p>\n<li>Quarry\/Sandpit<\/li>\n<p><!-- [et_pb_line_break_holder] --><\/p>\n<li>Camping Site<\/li>\n<p><!-- [et_pb_line_break_holder] --><\/p>\n<li>Golf Court<\/li>\n<p><!-- [et_pb_line_break_holder] --><\/p>\n<li>Religious Congregation<\/li>\n<p><!-- [et_pb_line_break_holder] --><\/p>\n<li>Church<\/li>\n<p><!-- [et_pb_line_break_holder] --><\/p>\n<li>Park<\/li>\n<p><!-- [et_pb_line_break_holder] --><\/ul>\n<p><!-- [et_pb_line_break_holder] --><\/div>\n<p><!-- [et_pb_line_break_holder] --><!-- [et_pb_line_break_holder] --><\/div>\n<p><!-- [et_pb_line_break_holder] -->[\/et_pb_code][\/et_pb_column][et_pb_column type=&#8221;1_2&#8243; specialty_columns=&#8221;2&#8243; _builder_version=&#8221;4.16&#8243; custom_padding=&#8221;|||&#8221; global_colors_info=&#8221;{}&#8221; custom_padding__hover=&#8221;|||&#8221;][et_pb_row_inner column_structure=&#8221;1_2,1_2&#8243; use_custom_gutter=&#8221;on&#8221; gutter_width=&#8221;1&#8243; make_equal=&#8221;on&#8221; _builder_version=&#8221;4.25.0&#8243; _module_preset=&#8221;default&#8221; width=&#8221;100%&#8221; custom_margin=&#8221;|||||true&#8221; custom_padding=&#8221;0px||0px||true|true&#8221; global_colors_info=&#8221;{}&#8221;][et_pb_column_inner type=&#8221;1_2&#8243; saved_specialty_column_type=&#8221;1_2&#8243; module_class=&#8221;middle_col_home&#8221; _builder_version=&#8221;4.25.0&#8243; _module_preset=&#8221;default&#8221; use_background_color_gradient=&#8221;on&#8221; background_color_gradient_direction=&#8221;135deg&#8221; background_color_gradient_stops=&#8221;#e5f3f7 88%|#81c4d7 88%&#8221; custom_padding=&#8221;60px|40px|60px|40px|false|true&#8221; global_colors_info=&#8221;{}&#8221;][et_pb_text module_class=&#8221;blue&#8221; _builder_version=&#8221;4.25.0&#8243; _module_preset=&#8221;default&#8221; custom_margin=&#8221;||10px||false|false&#8221; global_colors_info=&#8221;{}&#8221;]<\/p>\n<h4>OUR MISSION<\/h4>\n<p>[\/et_pb_text][et_pb_text _builder_version=&#8221;4.25.0&#8243; _module_preset=&#8221;default&#8221; global_colors_info=&#8221;{}&#8221;]<\/p>\n<p><span>Our Mission, our Vision and our Values<\/span><\/p>\n<p>[\/et_pb_text][et_pb_code _builder_version=&#8221;4.27.0&#8243; _module_preset=&#8221;default&#8221; hover_enabled=&#8221;0&#8243; saved_tabs=&#8221;all&#8221; global_colors_info=&#8221;{}&#8221; sticky_enabled=&#8221;0&#8243;]<\/p>\n<div class=\"en_savoir_plus\"><!-- [et_pb_line_break_holder] -->    <a href=\"https:\/\/parisladouceur.ca\/en\/enterprise\/\" class=\"pe-7s-right-arrow\" rel=\"noopener\">Learn more<\/a><!-- [et_pb_line_break_holder] --><\/div>\n<p><!-- [et_pb_line_break_holder] -->[\/et_pb_code][\/et_pb_column_inner][et_pb_column_inner type=&#8221;1_2&#8243; saved_specialty_column_type=&#8221;1_2&#8243; module_class=&#8221;section_demande_evaluation&#8221; _builder_version=&#8221;4.25.0&#8243; _module_preset=&#8221;default&#8221; use_background_color_gradient=&#8221;on&#8221; background_color_gradient_direction=&#8221;45deg&#8221; background_color_gradient_stops=&#8221;#8c9192 85%|#c6c8c9 85%&#8221; custom_padding=&#8221;40px|40px|40px|40px|true|true&#8221; global_colors_info=&#8221;{}&#8221;][et_pb_code _builder_version=&#8221;4.27.0&#8243; _module_preset=&#8221;default&#8221; custom_margin=&#8221;||1px|||&#8221; hover_enabled=&#8221;0&#8243; saved_tabs=&#8221;all&#8221; global_colors_info=&#8221;{}&#8221; sticky_enabled=&#8221;0&#8243;]<\/p>\n<div class=\"demande_evaluation\"><!-- [et_pb_line_break_holder] -->    <a href=\"https:\/\/parisladouceur.ca\/en\/appraisal-request\/\" class=\"pe-7s-right-arrow\" rel=\"noopener\">APPLICATION FOR A REAL ESTATE APPRAISAL REQUEST<\/a><!-- [et_pb_line_break_holder] --><\/div>\n<p><!-- [et_pb_line_break_holder] -->[\/et_pb_code][\/et_pb_column_inner][\/et_pb_row_inner][et_pb_row_inner _builder_version=&#8221;4.25.1&#8243; _module_preset=&#8221;default&#8221; custom_padding=&#8221;0px||0px||true|false&#8221; global_colors_info=&#8221;{}&#8221;][et_pb_column_inner saved_specialty_column_type=&#8221;1_2&#8243; _builder_version=&#8221;4.25.0&#8243; _module_preset=&#8221;default&#8221; global_colors_info=&#8221;{}&#8221;][et_pb_image src=&#8221;https:\/\/parisladouceur.cyberlog.tech\/wp-content\/uploads\/2024\/05\/evaluation-immobiliere-maison.webp&#8221; alt=&#8221;Residential House&#8221; title_text=&#8221;real_estate_evaluation_house&#8221; align=&#8221;center&#8221; _builder_version=&#8221;4.25.1&#8243; _module_preset=&#8221;default&#8221; global_colors_info=&#8221;{}&#8221;][\/et_pb_image][\/et_pb_column_inner][\/et_pb_row_inner][et_pb_row_inner use_custom_gutter=&#8221;on&#8221; gutter_width=&#8221;1&#8243; _builder_version=&#8221;4.25.0&#8243; _module_preset=&#8221;default&#8221; custom_padding=&#8221;0px||0px||true|false&#8221; global_colors_info=&#8221;{}&#8221;][et_pb_column_inner saved_specialty_column_type=&#8221;1_2&#8243; _builder_version=&#8221;4.25.0&#8243; _module_preset=&#8221;default&#8221; global_colors_info=&#8221;{}&#8221;][et_pb_image src=&#8221;https:\/\/parisladouceur.cyberlog.tech\/wp-content\/uploads\/2024\/05\/evaluation-immobiliere-condo.webp&#8221; alt=&#8221;Real Estate Evaluation of Condos &#8221; title_text=&#8221;real_estate_evaluation_condos&#8221; align=&#8221;center&#8221; _builder_version=&#8221;4.25.1&#8243; _module_preset=&#8221;default&#8221; global_colors_info=&#8221;{}&#8221;][\/et_pb_image][\/et_pb_column_inner][\/et_pb_row_inner][et_pb_row_inner use_custom_gutter=&#8221;on&#8221; gutter_width=&#8221;1&#8243; _builder_version=&#8221;4.25.0&#8243; _module_preset=&#8221;default&#8221; custom_padding=&#8221;0px||0px||true|false&#8221; global_colors_info=&#8221;{}&#8221;][et_pb_column_inner saved_specialty_column_type=&#8221;1_2&#8243; _builder_version=&#8221;4.25.0&#8243; _module_preset=&#8221;default&#8221; global_colors_info=&#8221;{}&#8221;][et_pb_image src=&#8221;https:\/\/parisladouceur.cyberlog.tech\/wp-content\/uploads\/2024\/05\/evaluation-immobiliere-commerciale.webp&#8221; alt=&#8221;Commercial Real Estate Evaluation &#8221; title_text=&#8221;real_estate_evaluation_commercial&#8221; align=&#8221;center&#8221; _builder_version=&#8221;4.25.1&#8243; _module_preset=&#8221;default&#8221; global_colors_info=&#8221;{}&#8221;][\/et_pb_image][\/et_pb_column_inner][\/et_pb_row_inner][et_pb_row_inner use_custom_gutter=&#8221;on&#8221; gutter_width=&#8221;1&#8243; _builder_version=&#8221;4.25.0&#8243; _module_preset=&#8221;default&#8221; custom_padding=&#8221;0px||0px||true|false&#8221; global_colors_info=&#8221;{}&#8221;][et_pb_column_inner saved_specialty_column_type=&#8221;1_2&#8243; _builder_version=&#8221;4.25.0&#8243; _module_preset=&#8221;default&#8221; global_colors_info=&#8221;{}&#8221;][et_pb_image src=&#8221;https:\/\/parisladouceur.cyberlog.tech\/wp-content\/uploads\/2024\/05\/evaluation-immobiliere-industrielle.webp&#8221; alt=&#8221;Industrial Real Estate Evaluation&#8221; title_text=&#8221;real_estate_evaluation_industrial&#8221; align=&#8221;center&#8221; _builder_version=&#8221;4.25.1&#8243; _module_preset=&#8221;default&#8221; global_colors_info=&#8221;{}&#8221;][\/et_pb_image][\/et_pb_column_inner][\/et_pb_row_inner][et_pb_row_inner use_custom_gutter=&#8221;on&#8221; gutter_width=&#8221;1&#8243; _builder_version=&#8221;4.25.0&#8243; _module_preset=&#8221;default&#8221; custom_padding=&#8221;0px||0px||true|false&#8221; global_colors_info=&#8221;{}&#8221;][et_pb_column_inner saved_specialty_column_type=&#8221;1_2&#8243; _builder_version=&#8221;4.25.0&#8243; _module_preset=&#8221;default&#8221; global_colors_info=&#8221;{}&#8221;][et_pb_image src=&#8221;https:\/\/parisladouceur.cyberlog.tech\/wp-content\/uploads\/2024\/05\/evaluation-immobiliere-terrain.webp&#8221; alt=&#8221;Real Estate Evaluation of Land&#8221; title_text=&#8221;real_estate_evaluation_land&#8221; align=&#8221;center&#8221; _builder_version=&#8221;4.25.1&#8243; _module_preset=&#8221;default&#8221; global_colors_info=&#8221;{}&#8221;][\/et_pb_image][\/et_pb_column_inner][\/et_pb_row_inner][\/et_pb_column][\/et_pb_section]<\/p>\n","protected":false},"excerpt":{"rendered":"<p>Services We produce market value appraisal reports for the following purposes:We also serve the following services:Building TypesOUR MISSIONOur Mission, our Vision and our Values<\/p>\n","protected":false},"author":1,"featured_media":0,"parent":0,"menu_order":0,"comment_status":"closed","ping_status":"closed","template":"","meta":{"_acf_changed":false,"_et_pb_use_builder":"on","_et_pb_old_content":"","_et_gb_content_width":"","footnotes":""},"class_list":["post-16443","page","type-page","status-publish","hentry"],"acf":[],"yoast_head":"<!-- This site is optimized with the Yoast SEO plugin v27.2 - https:\/\/yoast.com\/product\/yoast-seo-wordpress\/ -->\n<title>Our Expertise - Paris Ladouceur | \u00c9valuation immobili\u00e8re \u00e0 Laval et Montr\u00e9al<\/title>\n<meta name=\"robots\" content=\"index, follow, max-snippet:-1, max-image-preview:large, max-video-preview:-1\" \/>\n<link rel=\"canonical\" href=\"https:\/\/parisladouceur.ca\/en\/our-expertise\/\" \/>\n<meta property=\"og:locale\" content=\"en_US\" \/>\n<meta property=\"og:type\" content=\"article\" \/>\n<meta property=\"og:title\" content=\"Our Expertise - Paris Ladouceur | \u00c9valuation immobili\u00e8re \u00e0 Laval et Montr\u00e9al\" \/>\n<meta property=\"og:description\" content=\"Services We produce market value appraisal reports for the following purposes:We also serve the following services:Building TypesOUR MISSIONOur Mission, our Vision and our Values\" \/>\n<meta property=\"og:url\" content=\"https:\/\/parisladouceur.ca\/en\/our-expertise\/\" \/>\n<meta property=\"og:site_name\" content=\"Paris Ladouceur | \u00c9valuation immobili\u00e8re \u00e0 Laval et Montr\u00e9al\" \/>\n<meta property=\"article:modified_time\" content=\"2024-07-31T14:58:47+00:00\" \/>\n<meta name=\"twitter:card\" content=\"summary_large_image\" \/>\n<meta name=\"twitter:label1\" content=\"Est. reading time\" \/>\n\t<meta name=\"twitter:data1\" content=\"6 minutes\" \/>\n<script type=\"application\/ld+json\" class=\"yoast-schema-graph\">{\"@context\":\"https:\/\/schema.org\",\"@graph\":[{\"@type\":\"WebPage\",\"@id\":\"https:\/\/parisladouceur.ca\/en\/our-expertise\/\",\"url\":\"https:\/\/parisladouceur.ca\/en\/our-expertise\/\",\"name\":\"Our Expertise - Paris Ladouceur | \u00c9valuation immobili\u00e8re \u00e0 Laval et Montr\u00e9al\",\"isPartOf\":{\"@id\":\"https:\/\/parisladouceur.ca\/#website\"},\"datePublished\":\"2024-05-03T14:35:06+00:00\",\"dateModified\":\"2024-07-31T14:58:47+00:00\",\"breadcrumb\":{\"@id\":\"https:\/\/parisladouceur.ca\/en\/our-expertise\/#breadcrumb\"},\"inLanguage\":\"en-US\",\"potentialAction\":[{\"@type\":\"ReadAction\",\"target\":[\"https:\/\/parisladouceur.ca\/en\/our-expertise\/\"]}]},{\"@type\":\"BreadcrumbList\",\"@id\":\"https:\/\/parisladouceur.ca\/en\/our-expertise\/#breadcrumb\",\"itemListElement\":[{\"@type\":\"ListItem\",\"position\":1,\"name\":\"Accueil\",\"item\":\"https:\/\/parisladouceur.ca\/en\/home\/\"},{\"@type\":\"ListItem\",\"position\":2,\"name\":\"Our Expertise\"}]},{\"@type\":\"WebSite\",\"@id\":\"https:\/\/parisladouceur.ca\/#website\",\"url\":\"https:\/\/parisladouceur.ca\/\",\"name\":\"Paris Ladouceur | \u00c9valuation immobili\u00e8re \u00e0 Laval et Montr\u00e9al\",\"description\":\"\u00c9valuateurs agr\u00e9\u00e9s pour tous vos besoins immobiliers\",\"potentialAction\":[{\"@type\":\"SearchAction\",\"target\":{\"@type\":\"EntryPoint\",\"urlTemplate\":\"https:\/\/parisladouceur.ca\/?s={search_term_string}\"},\"query-input\":{\"@type\":\"PropertyValueSpecification\",\"valueRequired\":true,\"valueName\":\"search_term_string\"}}],\"inLanguage\":\"en-US\"}]}<\/script>\n<!-- \/ Yoast SEO plugin. -->","yoast_head_json":{"title":"Our Expertise - Paris Ladouceur | \u00c9valuation immobili\u00e8re \u00e0 Laval et Montr\u00e9al","robots":{"index":"index","follow":"follow","max-snippet":"max-snippet:-1","max-image-preview":"max-image-preview:large","max-video-preview":"max-video-preview:-1"},"canonical":"https:\/\/parisladouceur.ca\/en\/our-expertise\/","og_locale":"en_US","og_type":"article","og_title":"Our Expertise - Paris Ladouceur | \u00c9valuation immobili\u00e8re \u00e0 Laval et Montr\u00e9al","og_description":"Services We produce market value appraisal reports for the following purposes:We also serve the following services:Building TypesOUR MISSIONOur Mission, our Vision and our Values","og_url":"https:\/\/parisladouceur.ca\/en\/our-expertise\/","og_site_name":"Paris Ladouceur | \u00c9valuation immobili\u00e8re \u00e0 Laval et Montr\u00e9al","article_modified_time":"2024-07-31T14:58:47+00:00","twitter_card":"summary_large_image","twitter_misc":{"Est. reading time":"6 minutes"},"schema":{"@context":"https:\/\/schema.org","@graph":[{"@type":"WebPage","@id":"https:\/\/parisladouceur.ca\/en\/our-expertise\/","url":"https:\/\/parisladouceur.ca\/en\/our-expertise\/","name":"Our Expertise - Paris Ladouceur | \u00c9valuation immobili\u00e8re \u00e0 Laval et Montr\u00e9al","isPartOf":{"@id":"https:\/\/parisladouceur.ca\/#website"},"datePublished":"2024-05-03T14:35:06+00:00","dateModified":"2024-07-31T14:58:47+00:00","breadcrumb":{"@id":"https:\/\/parisladouceur.ca\/en\/our-expertise\/#breadcrumb"},"inLanguage":"en-US","potentialAction":[{"@type":"ReadAction","target":["https:\/\/parisladouceur.ca\/en\/our-expertise\/"]}]},{"@type":"BreadcrumbList","@id":"https:\/\/parisladouceur.ca\/en\/our-expertise\/#breadcrumb","itemListElement":[{"@type":"ListItem","position":1,"name":"Accueil","item":"https:\/\/parisladouceur.ca\/en\/home\/"},{"@type":"ListItem","position":2,"name":"Our Expertise"}]},{"@type":"WebSite","@id":"https:\/\/parisladouceur.ca\/#website","url":"https:\/\/parisladouceur.ca\/","name":"Paris Ladouceur | \u00c9valuation immobili\u00e8re \u00e0 Laval et Montr\u00e9al","description":"\u00c9valuateurs agr\u00e9\u00e9s pour tous vos besoins immobiliers","potentialAction":[{"@type":"SearchAction","target":{"@type":"EntryPoint","urlTemplate":"https:\/\/parisladouceur.ca\/?s={search_term_string}"},"query-input":{"@type":"PropertyValueSpecification","valueRequired":true,"valueName":"search_term_string"}}],"inLanguage":"en-US"}]}},"_links":{"self":[{"href":"https:\/\/parisladouceur.ca\/en\/wp-json\/wp\/v2\/pages\/16443","targetHints":{"allow":["GET"]}}],"collection":[{"href":"https:\/\/parisladouceur.ca\/en\/wp-json\/wp\/v2\/pages"}],"about":[{"href":"https:\/\/parisladouceur.ca\/en\/wp-json\/wp\/v2\/types\/page"}],"author":[{"embeddable":true,"href":"https:\/\/parisladouceur.ca\/en\/wp-json\/wp\/v2\/users\/1"}],"replies":[{"embeddable":true,"href":"https:\/\/parisladouceur.ca\/en\/wp-json\/wp\/v2\/comments?post=16443"}],"version-history":[{"count":3,"href":"https:\/\/parisladouceur.ca\/en\/wp-json\/wp\/v2\/pages\/16443\/revisions"}],"predecessor-version":[{"id":16679,"href":"https:\/\/parisladouceur.ca\/en\/wp-json\/wp\/v2\/pages\/16443\/revisions\/16679"}],"wp:attachment":[{"href":"https:\/\/parisladouceur.ca\/en\/wp-json\/wp\/v2\/media?parent=16443"}],"curies":[{"name":"wp","href":"https:\/\/api.w.org\/{rel}","templated":true}]}}