{"id":16459,"date":"2024-04-24T14:26:01","date_gmt":"2024-04-24T14:26:01","guid":{"rendered":"https:\/\/parisladouceur.cyberlog.tech\/our-enterprise\/"},"modified":"2024-07-31T14:59:31","modified_gmt":"2024-07-31T14:59:31","slug":"enterprise","status":"publish","type":"page","link":"https:\/\/parisladouceur.ca\/en\/enterprise\/","title":{"rendered":"Our Enterprise"},"content":{"rendered":"<p>[et_pb_section fb_built=&#8221;1&#8243; module_class=&#8221;banner&#8221; _builder_version=&#8221;4.27.0&#8243; _module_preset=&#8221;default&#8221; background_enable_color=&#8221;off&#8221; use_background_color_gradient=&#8221;on&#8221; background_color_gradient_direction=&#8221;45deg&#8221; background_color_gradient_stops=&#8221;#0089b1 9%|rgba(255,255,255,0) 9%&#8221; background_color_gradient_overlays_image=&#8221;on&#8221; background_image=&#8221;https:\/\/parisladouceur.ca\/wp-content\/uploads\/2024\/05\/entreprise_paris_ladouceur_banner.webp&#8221; custom_padding=&#8221;0px||0px||true|false&#8221; hover_enabled=&#8221;0&#8243; background_last_edited=&#8221;off|desktop&#8221; use_background_color_gradient_tablet=&#8221;off&#8221; use_background_color_gradient_phone=&#8221;off&#8221; global_colors_info=&#8221;{}&#8221; title_text=&#8221;entreprise_paris_ladouceur_banner&#8221; sticky_enabled=&#8221;0&#8243; da_is_popup=&#8221;off&#8221; da_exit_intent=&#8221;off&#8221; da_has_close=&#8221;on&#8221; da_alt_close=&#8221;off&#8221; da_dark_close=&#8221;off&#8221; da_not_modal=&#8221;on&#8221; da_is_singular=&#8221;off&#8221; da_with_loader=&#8221;off&#8221; da_has_shadow=&#8221;on&#8221; da_disable_devices=&#8221;off|off|off&#8221;][et_pb_row custom_padding_last_edited=&#8221;on|desktop&#8221; module_class=&#8221;row_banner_title&#8221; _builder_version=&#8221;4.25.0&#8243; _module_preset=&#8221;default&#8221; width=&#8221;100%&#8221; custom_padding=&#8221;||||false|false&#8221; custom_padding_tablet=&#8221;0px||0px||true|false&#8221; custom_padding_phone=&#8221;0px||0px||true|false&#8221; global_colors_info=&#8221;{}&#8221;][et_pb_column type=&#8221;4_4&#8243; _builder_version=&#8221;4.25.0&#8243; _module_preset=&#8221;default&#8221; global_colors_info=&#8221;{}&#8221;][et_pb_text module_class=&#8221;white&#8221; _builder_version=&#8221;4.25.0&#8243; _module_preset=&#8221;default&#8221; text_font=&#8221;acre-medium||||||||&#8221; header_font=&#8221;acre-medium||||||||&#8221; custom_margin=&#8221;||20px||false|false&#8221; custom_margin_tablet=&#8221;30px||20px||false|false&#8221; custom_margin_phone=&#8221;30px||20px||false|false&#8221; custom_margin_last_edited=&#8221;on|desktop&#8221; global_colors_info=&#8221;{}&#8221;]<\/p>\n<h1>Our Enterprise<\/h1>\n<p>[\/et_pb_text][et_pb_text module_class=&#8221;white&#8221; _builder_version=&#8221;4.25.0&#8243; _module_preset=&#8221;default&#8221; text_line_height=&#8221;4.1rem&#8221; text_line_height_tablet=&#8221;&#8221; text_line_height_phone=&#8221;&#8221; text_line_height_last_edited=&#8221;on|tablet&#8221; global_colors_info=&#8221;{}&#8221;]<\/p>\n<p><strong>PARIS, LADOUCEUR &amp; ASSOCIATES INC. A specialized firm<\/strong><br \/><strong>in Real Estate Appraisal<\/strong><\/p>\n<p>[\/et_pb_text][\/et_pb_column][\/et_pb_row][\/et_pb_section][et_pb_section fb_built=&#8221;1&#8243; use_custom_gutter=&#8221;on&#8221; gutter_width=&#8221;1&#8243; specialty=&#8221;on&#8221; custom_padding_last_edited=&#8221;on|phone&#8221; module_class=&#8221;oneCol_sidebar&#8221; _builder_version=&#8221;4.25.1&#8243; _module_preset=&#8221;default&#8221; inner_width=&#8221;100%&#8221; custom_padding=&#8221;0px||0px||true|false&#8221; custom_padding_tablet=&#8221;30px||||false|false&#8221; custom_padding_phone=&#8221;30px||||false|false&#8221; custom_css_free_form=&#8221;.width_742 {||  max-width: 742.5px;||  margin: 0px 15px !important;||}&#8221; global_colors_info=&#8221;{}&#8221; da_is_popup=&#8221;off&#8221; da_exit_intent=&#8221;off&#8221; da_has_close=&#8221;on&#8221; da_alt_close=&#8221;off&#8221; da_dark_close=&#8221;off&#8221; da_not_modal=&#8221;on&#8221; da_is_singular=&#8221;off&#8221; da_with_loader=&#8221;off&#8221; da_has_shadow=&#8221;on&#8221; da_disable_devices=&#8221;off|off|off&#8221;][et_pb_column type=&#8221;1_2&#8243; _builder_version=&#8221;4.16&#8243; custom_padding=&#8221;|||&#8221; global_colors_info=&#8221;{}&#8221; custom_padding__hover=&#8221;|||&#8221;][et_pb_text module_class=&#8221;width_742&#8243; _builder_version=&#8221;4.25.0&#8243; _module_preset=&#8221;default&#8221; global_colors_info=&#8221;{}&#8221;]<\/p>\n<h2>History of Paris, Ladouceur &amp; Associates, Inc.<\/h2>\n<p>[\/et_pb_text][et_pb_text module_class=&#8221;width_742&#8243; _builder_version=&#8221;4.25.0&#8243; _module_preset=&#8221;default&#8221; global_colors_info=&#8221;{}&#8221;]<\/p>\n<p>We are a real estate appraisal firm created in January 1982, number 126340-4, under the Canada Business Corporations Act. We have been working in real estate for over 30 years.  <\/p>\n<p>Our company regroup of real estate professionals with certified appraisers at l\u2019Ordre des \u00c9valuateurs agr\u00e9\u00e9s du Qu\u00e9bec, and appraisers accredited by the Appraisal Institute of Canada. <\/p>\n<p>[\/et_pb_text][et_pb_text module_class=&#8221;width_742&#8243; _builder_version=&#8221;4.25.0&#8243; _module_preset=&#8221;default&#8221; global_colors_info=&#8221;{}&#8221;]<\/p>\n<h2>Mission, Vision, Values<\/h2>\n<p>[\/et_pb_text][et_pb_text module_class=&#8221;width_742&#8243; _builder_version=&#8221;4.25.0&#8243; _module_preset=&#8221;default&#8221; global_colors_info=&#8221;{}&#8221;]<\/p>\n<p><span>Our primary concern is to offer our clients a professional service according to their expectations. We would like to inform you that all our professional real estate appraisers are members of l\u2019Ordre des \u00e9valuateurs du Qu\u00e9bec and\/or the Appraisal Institute of Canada, ensuring the quality of our services and the protection of the public.<\/span><\/p>\n<p>[\/et_pb_text][et_pb_image src=&#8221;https:\/\/parisladouceur.cyberlog.tech\/wp-content\/uploads\/2024\/05\/a_propos_de_paris_ladouceur.webp&#8221; alt=&#8221;About Paris Ladouceur&#8221; title_text=&#8221;about_paris_ladouceur&#8221; module_class=&#8221;width_742&#8243; _builder_version=&#8221;4.25.1&#8243; _module_preset=&#8221;default&#8221; custom_margin=&#8221;||30px||false|false&#8221; custom_margin_tablet=&#8221;||||false|true&#8221; custom_margin_phone=&#8221;|||||false&#8221; custom_margin_last_edited=&#8221;on|desktop&#8221; custom_padding=&#8221;||||false|false&#8221; custom_padding_last_edited=&#8221;off|desktop&#8221; custom_css_main_element=&#8221;margin-bottom: 0px !important;&#8221; global_colors_info=&#8221;{}&#8221;][\/et_pb_image][\/et_pb_column][et_pb_column type=&#8221;1_2&#8243; specialty_columns=&#8221;2&#8243; _builder_version=&#8221;4.16&#8243; custom_padding=&#8221;|||&#8221; global_colors_info=&#8221;{}&#8221; custom_padding__hover=&#8221;|||&#8221;][et_pb_row_inner _builder_version=&#8221;4.25.0&#8243; _module_preset=&#8221;default&#8221; custom_padding=&#8221;0px||0px||true|false&#8221; global_colors_info=&#8221;{}&#8221;][et_pb_column_inner saved_specialty_column_type=&#8221;1_2&#8243; module_class=&#8221;section_demande_evaluation&#8221; _builder_version=&#8221;4.25.0&#8243; _module_preset=&#8221;default&#8221; use_background_color_gradient=&#8221;on&#8221; background_color_gradient_direction=&#8221;45deg&#8221; background_color_gradient_stops=&#8221;#8c9192 85%|#c6c8c9 85%&#8221; custom_padding=&#8221;60px|40px|40px|40px|false|true&#8221; custom_padding_tablet=&#8221;60px||60px||true|false&#8221; custom_padding_phone=&#8221;40px|40px|40px|40px|true|true&#8221; custom_padding_last_edited=&#8221;on|phone&#8221; global_colors_info=&#8221;{}&#8221;][et_pb_code _builder_version=&#8221;4.27.0&#8243; _module_preset=&#8221;default&#8221; custom_margin=&#8221;||1px|||&#8221; hover_enabled=&#8221;0&#8243; saved_tabs=&#8221;all&#8221; global_colors_info=&#8221;{}&#8221; sticky_enabled=&#8221;0&#8243;]<\/p>\n<div class=\"demande_evaluation\"><!-- [et_pb_line_break_holder] -->    <a href=\"https:\/\/parisladouceur.ca\/en\/appraisal-request\/\" class=\"pe-7s-right-arrow\" rel=\"noopener\">APPLICATION FOR A REAL ESTATE APPRAISAL REQUEST<\/a><!-- [et_pb_line_break_holder] --><\/div>\n<p><!-- [et_pb_line_break_holder] -->[\/et_pb_code][\/et_pb_column_inner][\/et_pb_row_inner][et_pb_row_inner _builder_version=&#8221;4.25.0&#8243; _module_preset=&#8221;default&#8221; custom_padding=&#8221;0px||0px||true|false&#8221; global_colors_info=&#8221;{}&#8221;][et_pb_column_inner saved_specialty_column_type=&#8221;1_2&#8243; _builder_version=&#8221;4.25.0&#8243; _module_preset=&#8221;default&#8221; global_colors_info=&#8221;{}&#8221;][et_pb_image src=&#8221;https:\/\/parisladouceur.cyberlog.tech\/wp-content\/uploads\/2024\/05\/paris_ladouceur_experts_en_evaluation_immobiliere.webp&#8221; alt=&#8221;Real Estate Appraisers in Reunion&#8221; title_text=&#8221;paris_ladouceur_real_estate_appraisers&#8221; _builder_version=&#8221;4.25.0&#8243; _module_preset=&#8221;default&#8221; global_colors_info=&#8221;{}&#8221;][\/et_pb_image][\/et_pb_column_inner][\/et_pb_row_inner][\/et_pb_column][\/et_pb_section]<\/p>\n","protected":false},"excerpt":{"rendered":"<p>Our EnterprisePARIS, LADOUCEUR &amp; ASSOCIATES INC. A specialized firmin Real Estate AppraisalHistory of Paris, Ladouceur &amp; Associates, Inc.We are a real estate appraisal firm created in January 1982, number 126340-4, under the Canada Business Corporations Act. We have been working in real estate for over 30 years. Our company regroup of real estate professionals with [&hellip;]<\/p>\n","protected":false},"author":1,"featured_media":0,"parent":0,"menu_order":0,"comment_status":"closed","ping_status":"closed","template":"","meta":{"_acf_changed":false,"_et_pb_use_builder":"on","_et_pb_old_content":"","_et_gb_content_width":"","footnotes":""},"class_list":["post-16459","page","type-page","status-publish","hentry"],"acf":[],"yoast_head":"<!-- This site is optimized with the Yoast SEO plugin v27.2 - https:\/\/yoast.com\/product\/yoast-seo-wordpress\/ -->\n<title>Our Enterprise - Paris Ladouceur | \u00c9valuation immobili\u00e8re \u00e0 Laval et Montr\u00e9al<\/title>\n<meta name=\"robots\" content=\"index, follow, max-snippet:-1, max-image-preview:large, max-video-preview:-1\" \/>\n<link rel=\"canonical\" href=\"https:\/\/parisladouceur.ca\/en\/enterprise\/\" \/>\n<meta property=\"og:locale\" content=\"en_US\" \/>\n<meta property=\"og:type\" content=\"article\" \/>\n<meta property=\"og:title\" content=\"Our Enterprise - Paris Ladouceur | \u00c9valuation immobili\u00e8re \u00e0 Laval et Montr\u00e9al\" \/>\n<meta property=\"og:description\" content=\"Our EnterprisePARIS, LADOUCEUR &amp; ASSOCIATES INC. A specialized firmin Real Estate AppraisalHistory of Paris, Ladouceur &amp; Associates, Inc.We are a real estate appraisal firm created in January 1982, number 126340-4, under the Canada Business Corporations Act. We have been working in real estate for over 30 years. Our company regroup of real estate professionals with [&hellip;]\" \/>\n<meta property=\"og:url\" content=\"https:\/\/parisladouceur.ca\/en\/enterprise\/\" \/>\n<meta property=\"og:site_name\" content=\"Paris Ladouceur | \u00c9valuation immobili\u00e8re \u00e0 Laval et Montr\u00e9al\" \/>\n<meta property=\"article:modified_time\" content=\"2024-07-31T14:59:31+00:00\" \/>\n<meta name=\"twitter:card\" content=\"summary_large_image\" \/>\n<meta name=\"twitter:label1\" content=\"Est. reading time\" \/>\n\t<meta name=\"twitter:data1\" content=\"2 minutes\" \/>\n<script type=\"application\/ld+json\" class=\"yoast-schema-graph\">{\"@context\":\"https:\/\/schema.org\",\"@graph\":[{\"@type\":\"WebPage\",\"@id\":\"https:\/\/parisladouceur.ca\/en\/enterprise\/\",\"url\":\"https:\/\/parisladouceur.ca\/en\/enterprise\/\",\"name\":\"Our Enterprise - Paris Ladouceur | \u00c9valuation immobili\u00e8re \u00e0 Laval et Montr\u00e9al\",\"isPartOf\":{\"@id\":\"https:\/\/parisladouceur.ca\/#website\"},\"datePublished\":\"2024-04-24T14:26:01+00:00\",\"dateModified\":\"2024-07-31T14:59:31+00:00\",\"breadcrumb\":{\"@id\":\"https:\/\/parisladouceur.ca\/en\/enterprise\/#breadcrumb\"},\"inLanguage\":\"en-US\",\"potentialAction\":[{\"@type\":\"ReadAction\",\"target\":[\"https:\/\/parisladouceur.ca\/en\/enterprise\/\"]}]},{\"@type\":\"BreadcrumbList\",\"@id\":\"https:\/\/parisladouceur.ca\/en\/enterprise\/#breadcrumb\",\"itemListElement\":[{\"@type\":\"ListItem\",\"position\":1,\"name\":\"Accueil\",\"item\":\"https:\/\/parisladouceur.ca\/en\/home\/\"},{\"@type\":\"ListItem\",\"position\":2,\"name\":\"Our Enterprise\"}]},{\"@type\":\"WebSite\",\"@id\":\"https:\/\/parisladouceur.ca\/#website\",\"url\":\"https:\/\/parisladouceur.ca\/\",\"name\":\"Paris Ladouceur | \u00c9valuation immobili\u00e8re \u00e0 Laval et Montr\u00e9al\",\"description\":\"\u00c9valuateurs agr\u00e9\u00e9s pour tous vos besoins immobiliers\",\"potentialAction\":[{\"@type\":\"SearchAction\",\"target\":{\"@type\":\"EntryPoint\",\"urlTemplate\":\"https:\/\/parisladouceur.ca\/?s={search_term_string}\"},\"query-input\":{\"@type\":\"PropertyValueSpecification\",\"valueRequired\":true,\"valueName\":\"search_term_string\"}}],\"inLanguage\":\"en-US\"}]}<\/script>\n<!-- \/ Yoast SEO plugin. -->","yoast_head_json":{"title":"Our Enterprise - Paris Ladouceur | \u00c9valuation immobili\u00e8re \u00e0 Laval et Montr\u00e9al","robots":{"index":"index","follow":"follow","max-snippet":"max-snippet:-1","max-image-preview":"max-image-preview:large","max-video-preview":"max-video-preview:-1"},"canonical":"https:\/\/parisladouceur.ca\/en\/enterprise\/","og_locale":"en_US","og_type":"article","og_title":"Our Enterprise - Paris Ladouceur | \u00c9valuation immobili\u00e8re \u00e0 Laval et Montr\u00e9al","og_description":"Our EnterprisePARIS, LADOUCEUR &amp; ASSOCIATES INC. A specialized firmin Real Estate AppraisalHistory of Paris, Ladouceur &amp; Associates, Inc.We are a real estate appraisal firm created in January 1982, number 126340-4, under the Canada Business Corporations Act. We have been working in real estate for over 30 years. Our company regroup of real estate professionals with [&hellip;]","og_url":"https:\/\/parisladouceur.ca\/en\/enterprise\/","og_site_name":"Paris Ladouceur | \u00c9valuation immobili\u00e8re \u00e0 Laval et Montr\u00e9al","article_modified_time":"2024-07-31T14:59:31+00:00","twitter_card":"summary_large_image","twitter_misc":{"Est. reading time":"2 minutes"},"schema":{"@context":"https:\/\/schema.org","@graph":[{"@type":"WebPage","@id":"https:\/\/parisladouceur.ca\/en\/enterprise\/","url":"https:\/\/parisladouceur.ca\/en\/enterprise\/","name":"Our Enterprise - Paris Ladouceur | \u00c9valuation immobili\u00e8re \u00e0 Laval et Montr\u00e9al","isPartOf":{"@id":"https:\/\/parisladouceur.ca\/#website"},"datePublished":"2024-04-24T14:26:01+00:00","dateModified":"2024-07-31T14:59:31+00:00","breadcrumb":{"@id":"https:\/\/parisladouceur.ca\/en\/enterprise\/#breadcrumb"},"inLanguage":"en-US","potentialAction":[{"@type":"ReadAction","target":["https:\/\/parisladouceur.ca\/en\/enterprise\/"]}]},{"@type":"BreadcrumbList","@id":"https:\/\/parisladouceur.ca\/en\/enterprise\/#breadcrumb","itemListElement":[{"@type":"ListItem","position":1,"name":"Accueil","item":"https:\/\/parisladouceur.ca\/en\/home\/"},{"@type":"ListItem","position":2,"name":"Our Enterprise"}]},{"@type":"WebSite","@id":"https:\/\/parisladouceur.ca\/#website","url":"https:\/\/parisladouceur.ca\/","name":"Paris Ladouceur | \u00c9valuation immobili\u00e8re \u00e0 Laval et Montr\u00e9al","description":"\u00c9valuateurs agr\u00e9\u00e9s pour tous vos besoins immobiliers","potentialAction":[{"@type":"SearchAction","target":{"@type":"EntryPoint","urlTemplate":"https:\/\/parisladouceur.ca\/?s={search_term_string}"},"query-input":{"@type":"PropertyValueSpecification","valueRequired":true,"valueName":"search_term_string"}}],"inLanguage":"en-US"}]}},"_links":{"self":[{"href":"https:\/\/parisladouceur.ca\/en\/wp-json\/wp\/v2\/pages\/16459","targetHints":{"allow":["GET"]}}],"collection":[{"href":"https:\/\/parisladouceur.ca\/en\/wp-json\/wp\/v2\/pages"}],"about":[{"href":"https:\/\/parisladouceur.ca\/en\/wp-json\/wp\/v2\/types\/page"}],"author":[{"embeddable":true,"href":"https:\/\/parisladouceur.ca\/en\/wp-json\/wp\/v2\/users\/1"}],"replies":[{"embeddable":true,"href":"https:\/\/parisladouceur.ca\/en\/wp-json\/wp\/v2\/comments?post=16459"}],"version-history":[{"count":3,"href":"https:\/\/parisladouceur.ca\/en\/wp-json\/wp\/v2\/pages\/16459\/revisions"}],"predecessor-version":[{"id":16680,"href":"https:\/\/parisladouceur.ca\/en\/wp-json\/wp\/v2\/pages\/16459\/revisions\/16680"}],"wp:attachment":[{"href":"https:\/\/parisladouceur.ca\/en\/wp-json\/wp\/v2\/media?parent=16459"}],"curies":[{"name":"wp","href":"https:\/\/api.w.org\/{rel}","templated":true}]}}