{"id":16492,"date":"2024-04-24T14:42:12","date_gmt":"2024-04-24T14:42:12","guid":{"rendered":"https:\/\/parisladouceur.cyberlog.tech\/appraisal-request\/"},"modified":"2024-08-26T17:13:54","modified_gmt":"2024-08-26T17:13:54","slug":"appraisal-request","status":"publish","type":"page","link":"https:\/\/parisladouceur.ca\/en\/appraisal-request\/","title":{"rendered":"Appraisal Request"},"content":{"rendered":"<p>[et_pb_section fb_built=&#8221;1&#8243; admin_label=&#8221;Section&#8221; module_class=&#8221;banner&#8221; _builder_version=&#8221;4.27.0&#8243; _module_preset=&#8221;default&#8221; use_background_color_gradient=&#8221;on&#8221; background_color_gradient_direction=&#8221;45deg&#8221; background_color_gradient_stops=&#8221;#0089b1 9%|rgba(255,255,255,0) 9%&#8221; background_color_gradient_overlays_image=&#8221;on&#8221; background_image=&#8221;https:\/\/parisladouceur.ca\/wp-content\/uploads\/2024\/05\/demande_evaluation_immobiliere_banner.webp&#8221; background_last_edited=&#8221;on|phone&#8221; background_position_phone=&#8221;center_left&#8221; da_disable_devices=&#8221;off|off|off&#8221; global_colors_info=&#8221;{}&#8221; da_is_popup=&#8221;off&#8221; da_exit_intent=&#8221;off&#8221; da_has_close=&#8221;on&#8221; da_alt_close=&#8221;off&#8221; da_dark_close=&#8221;off&#8221; da_not_modal=&#8221;on&#8221; da_is_singular=&#8221;off&#8221; da_with_loader=&#8221;off&#8221; da_has_shadow=&#8221;on&#8221;][et_pb_row _builder_version=&#8221;4.25.0&#8243; _module_preset=&#8221;default&#8221; global_colors_info=&#8221;{}&#8221;][et_pb_column type=&#8221;4_4&#8243; _builder_version=&#8221;4.25.0&#8243; _module_preset=&#8221;default&#8221; global_colors_info=&#8221;{}&#8221;][\/et_pb_column][\/et_pb_row][\/et_pb_section][et_pb_section fb_built=&#8221;1&#8243; use_custom_gutter=&#8221;on&#8221; gutter_width=&#8221;1&#8243; specialty=&#8221;on&#8221; custom_padding_last_edited=&#8221;on|phone&#8221; admin_label=&#8221;Section&#8221; module_class=&#8221;oneCol_sidebar paddingContact&#8221; _builder_version=&#8221;4.25.2&#8243; _module_preset=&#8221;default&#8221; background_enable_image=&#8221;off&#8221; background_size=&#8221;initial&#8221; background_position=&#8221;bottom_right&#8221; background_vertical_offset=&#8221;100%&#8221; inner_width=&#8221;100%&#8221; custom_margin=&#8221;||||false|false&#8221; custom_margin_phone=&#8221;||||false|false&#8221; custom_margin_last_edited=&#8221;off|tablet&#8221; custom_padding=&#8221;0px||0px||false|false&#8221; custom_padding_tablet=&#8221;0px||||false|false&#8221; custom_padding_phone=&#8221;||25px||false|false&#8221; background_last_edited=&#8221;off|desktop&#8221; background_enable_image_tablet=&#8221;off&#8221; custom_css_free_form=&#8221;@media only screen and (max-width: 1530px) {||  .paddingContact {||    padding-left: 15px; ||    padding-right: 15px; ||}||}||&#8221; da_disable_devices=&#8221;off|off|off&#8221; global_colors_info=&#8221;{}&#8221; da_is_popup=&#8221;off&#8221; da_exit_intent=&#8221;off&#8221; da_has_close=&#8221;on&#8221; da_alt_close=&#8221;off&#8221; da_dark_close=&#8221;off&#8221; da_not_modal=&#8221;on&#8221; da_is_singular=&#8221;off&#8221; da_with_loader=&#8221;off&#8221; da_has_shadow=&#8221;on&#8221;][et_pb_column type=&#8221;1_2&#8243; _builder_version=&#8221;4.16&#8243; custom_padding=&#8221;|||&#8221; global_colors_info=&#8221;{}&#8221; custom_padding__hover=&#8221;|||&#8221;][et_pb_text _builder_version=&#8221;4.27.0&#8243; _module_preset=&#8221;default&#8221; custom_margin=&#8221;||50px||false|false&#8221; global_colors_info=&#8221;{}&#8221;]<\/p>\n<h2>Appraisal Request<\/h2>\n<p>[\/et_pb_text][et_pb_code _builder_version=&#8221;4.27.0&#8243; _module_preset=&#8221;default&#8221; module_class=&#8221;postuler_form typeSelect&#8221; custom_css_free_form=&#8221;.typeSelect select {||  width: 400px;||  height: 40px;||  background-color: #f3f3f3;||  ||}||.typeSelect button.black_button {||  padding: 20px 22px !important;||  display: flex;||  justify-content: center;||  align-items: center;||  font-size: 18px !important;||}||@media only screen and (max-width: 600px) {||  .typeSelect select {||  width: 300px; ||}||}&#8221; max_width_last_edited=&#8221;on|tablet&#8221; max_width=&#8221;65%&#8221; hover_enabled=&#8221;0&#8243; sticky_enabled=&#8221;0&#8243; max_width_tablet=&#8221;100%&#8221; max_width_phone=&#8221;100%&#8221;]\n<div class=\"wpcf7 no-js\" id=\"wpcf7-f16803-o1\" lang=\"fr-FR\" dir=\"ltr\" data-wpcf7-id=\"16803\">\n<div class=\"screen-reader-response\"><p role=\"status\" aria-live=\"polite\" aria-atomic=\"true\"><\/p> <ul><\/ul><\/div>\n<form action=\"\/en\/wp-json\/wp\/v2\/pages\/16492#wpcf7-f16803-o1\" method=\"post\" class=\"wpcf7-form init\" aria-label=\"Formulaire de contact\" novalidate=\"novalidate\" data-status=\"init\">\n<fieldset class=\"hidden-fields-container\"><input type=\"hidden\" name=\"_wpcf7\" value=\"16803\" \/><input type=\"hidden\" name=\"_wpcf7_version\" value=\"6.1.5\" \/><input type=\"hidden\" name=\"_wpcf7_locale\" value=\"fr_FR\" \/><input type=\"hidden\" name=\"_wpcf7_unit_tag\" value=\"wpcf7-f16803-o1\" \/><input type=\"hidden\" name=\"_wpcf7_container_post\" value=\"0\" \/><input type=\"hidden\" name=\"_wpcf7_posted_data_hash\" value=\"\" \/><input type=\"hidden\" name=\"_wpcf7_recaptcha_response\" value=\"\" \/>\n<\/fieldset>\n<p><label> <span class=\"wpcf7-form-control-wrap\" data-name=\"your-lastname\"><input size=\"40\" maxlength=\"400\" class=\"wpcf7-form-control wpcf7-text wpcf7-validates-as-required\" aria-required=\"true\" aria-invalid=\"false\" placeholder=\"Last Name\" value=\"\" type=\"text\" name=\"your-lastname\" \/><\/span> <\/label>\n<\/p>\n<p><label> <span class=\"wpcf7-form-control-wrap\" data-name=\"your-firstname\"><input size=\"40\" maxlength=\"400\" class=\"wpcf7-form-control wpcf7-text wpcf7-validates-as-required\" aria-required=\"true\" aria-invalid=\"false\" placeholder=\"First Name\" value=\"\" type=\"text\" name=\"your-firstname\" \/><\/span> <\/label>\n<\/p>\n<p><label> <span class=\"wpcf7-form-control-wrap\" data-name=\"your-phone\"><input size=\"40\" maxlength=\"400\" class=\"wpcf7-form-control wpcf7-tel wpcf7-validates-as-required wpcf7-text wpcf7-validates-as-tel\" aria-required=\"true\" aria-invalid=\"false\" placeholder=\"Phone\" value=\"\" type=\"tel\" name=\"your-phone\" \/><\/span> <\/label>\n<\/p>\n<p><label> <span class=\"wpcf7-form-control-wrap\" data-name=\"your-email\"><input size=\"40\" maxlength=\"400\" class=\"wpcf7-form-control wpcf7-email wpcf7-validates-as-required wpcf7-text wpcf7-validates-as-email\" aria-required=\"true\" aria-invalid=\"false\" placeholder=\"Email\" value=\"\" type=\"email\" name=\"your-email\" \/><\/span> <\/label>\n<\/p>\n<p><label> Type of property to evaluate *<br \/>\n<span class=\"wpcf7-form-control-wrap\" data-name=\"your-property-type\"><select class=\"wpcf7-form-control wpcf7-select wpcf7-validates-as-required\" aria-required=\"true\" aria-invalid=\"false\" name=\"your-property-type\"><option value=\"Single-family home\">Single-family home<\/option><option value=\"Condo\">Condo<\/option><option value=\"Multifamily\">Multifamily<\/option><option value=\"Commercial\">Commercial<\/option><option value=\"Land\">Land<\/option><option value=\"Other\">Other<\/option><\/select><\/span><br \/>\n<\/label>\n<\/p>\n<p><label> Purpose of evaluation *<br \/>\n<span class=\"wpcf7-form-control-wrap\" data-name=\"your-service\"><select class=\"wpcf7-form-control wpcf7-select wpcf7-validates-as-required\" aria-required=\"true\" aria-invalid=\"false\" name=\"your-service\"><option value=\"Purchase\">Purchase<\/option><option value=\"Refinancing\">Refinancing<\/option><option value=\"Separation\">Separation<\/option><option value=\"Litigation\">Litigation<\/option><option value=\"Tax purposes\">Tax purposes<\/option><option value=\"Estate\">Estate<\/option><option value=\"Market listing\">Market listing<\/option><\/select><\/span><\/label>\n<\/p>\n<p><label> <span class=\"wpcf7-form-control-wrap\" data-name=\"your-address\"><input size=\"40\" maxlength=\"400\" class=\"wpcf7-form-control wpcf7-text wpcf7-validates-as-required\" aria-required=\"true\" aria-invalid=\"false\" placeholder=\"Property Address\" value=\"\" type=\"text\" name=\"your-address\" \/><\/span> <\/label>\n<\/p>\n<p><label> <span class=\"wpcf7-form-control-wrap\" data-name=\"your-sale-deadline\"><input size=\"40\" maxlength=\"400\" class=\"wpcf7-form-control wpcf7-text\" aria-invalid=\"false\" placeholder=\"Sale Deadline (if applicable)\" value=\"\" type=\"text\" name=\"your-sale-deadline\" \/><\/span> <\/label>\n<\/p>\n<p><label> <span class=\"wpcf7-form-control-wrap\" data-name=\"your-message\"><textarea cols=\"40\" rows=\"10\" maxlength=\"2000\" class=\"wpcf7-form-control wpcf7-textarea\" aria-invalid=\"false\" placeholder=\"Additional Information\" name=\"your-message\"><\/textarea><\/span> <\/label>\n<\/p>\n\n<p><button class=\"wpcf7-form-control wpcf7-submit black_button has-spinner\" type=\"submit\"><br \/>\n<i class=\"pe-7s-right-arrow\">Submit<\/i><br \/>\n<\/button>\n<\/p><div class=\"wpcf7-response-output\" aria-hidden=\"true\"><\/div>\n<\/form>\n<\/div>\n[\/et_pb_code][\/et_pb_column][et_pb_column type=&#8221;1_2&#8243; specialty_columns=&#8221;2&#8243; _builder_version=&#8221;4.16&#8243; custom_padding=&#8221;|||&#8221; global_colors_info=&#8221;{}&#8221; custom_padding__hover=&#8221;|||&#8221;][et_pb_row_inner use_custom_gutter=&#8221;on&#8221; gutter_width=&#8221;1&#8243; _builder_version=&#8221;4.25.0&#8243; _module_preset=&#8221;default&#8221; width=&#8221;100%&#8221; custom_padding=&#8221;0px||0px||true|false&#8221; global_colors_info=&#8221;{}&#8221;][et_pb_column_inner saved_specialty_column_type=&#8221;1_2&#8243; module_class=&#8221;middle_col_home&#8221; _builder_version=&#8221;4.25.0&#8243; _module_preset=&#8221;default&#8221; use_background_color_gradient=&#8221;on&#8221; background_color_gradient_direction=&#8221;135deg&#8221; background_color_gradient_stops=&#8221;#e5f3f7 88%|#81c4d7 88%&#8221; custom_padding=&#8221;60px|40px|40px|40px|false|true&#8221; custom_padding_tablet=&#8221;60px||60px||true|false&#8221; custom_padding_phone=&#8221;40px|40px|40px|40px|true|true&#8221; custom_padding_last_edited=&#8221;on|phone&#8221; custom_css_main_element=&#8221;||&#8221; global_colors_info=&#8221;{}&#8221;][et_pb_text module_class=&#8221;blue&#8221; _builder_version=&#8221;4.25.0&#8243; _module_preset=&#8221;default&#8221; custom_margin=&#8221;||10px||false|false&#8221; global_colors_info=&#8221;{}&#8221;]<\/p>\n<h4>OUR MISSION<\/h4>\n<p>[\/et_pb_text][et_pb_text _builder_version=&#8221;4.25.0&#8243; _module_preset=&#8221;default&#8221; global_colors_info=&#8221;{}&#8221;]<\/p>\n<p><span>Our Mission, our Vision and our Values<\/span><\/p>\n<p>[\/et_pb_text][et_pb_code _builder_version=&#8221;4.27.0&#8243; _module_preset=&#8221;default&#8221; saved_tabs=&#8221;all&#8221; global_colors_info=&#8221;{}&#8221;]<\/p>\n<div class=\"en_savoir_plus\"><!-- [et_pb_line_break_holder] -->    <a href=\"https:\/\/parisladouceur.ca\/en\/enterprise\/\" class=\"pe-7s-right-arrow\" rel=\"noopener\">Learn more<\/a><!-- [et_pb_line_break_holder] --><\/div>\n<p><!-- [et_pb_line_break_holder] -->[\/et_pb_code][\/et_pb_column_inner][\/et_pb_row_inner][\/et_pb_column][\/et_pb_section][et_pb_section fb_built=&#8221;1&#8243; fullwidth=&#8221;on&#8221; admin_label=&#8221;Section&#8221; _builder_version=&#8221;4.25.0&#8243; _module_preset=&#8221;default&#8221; da_disable_devices=&#8221;off|off|off&#8221; saved_tabs=&#8221;all&#8221; global_colors_info=&#8221;{}&#8221; da_is_popup=&#8221;off&#8221; da_exit_intent=&#8221;off&#8221; da_has_close=&#8221;on&#8221; da_alt_close=&#8221;off&#8221; da_dark_close=&#8221;off&#8221; da_not_modal=&#8221;on&#8221; da_is_singular=&#8221;off&#8221; da_with_loader=&#8221;off&#8221; da_has_shadow=&#8221;on&#8221;][et_pb_fullwidth_map address=&#8221;63 Rue de la Pointe-Langlois, Laval, QC H7L 3J4, Canada&#8221; address_lat=&#8221;45.6054665&#8243; address_lng=&#8221;-73.8055681&#8243; _builder_version=&#8221;4.25.2&#8243; _module_preset=&#8221;default&#8221; global_colors_info=&#8221;{}&#8221;][et_pb_map_pin pin_address=&#8221;63 Rue de la Pointe-Langlois, Laval, QC H7L 3J4, Canada&#8221; pin_address_lat=&#8221;45.6054665&#8243; pin_address_lng=&#8221;-73.8055681&#8243; _builder_version=&#8221;4.25.2&#8243; _module_preset=&#8221;default&#8221; global_colors_info=&#8221;{}&#8221;][\/et_pb_map_pin][\/et_pb_fullwidth_map][\/et_pb_section]<\/p>\n","protected":false},"excerpt":{"rendered":"<p>Appraisal Request\n<div class=\"wpcf7 no-js\" id=\"wpcf7-f16803-o2\" lang=\"fr-FR\" dir=\"ltr\" data-wpcf7-id=\"16803\">\n<div class=\"screen-reader-response\"><p role=\"status\" aria-live=\"polite\" aria-atomic=\"true\"><\/p> <ul><\/ul><\/div>\n<form action=\"\/en\/wp-json\/wp\/v2\/pages\/16492#wpcf7-f16803-o2\" method=\"post\" class=\"wpcf7-form init\" aria-label=\"Formulaire de contact\" novalidate=\"novalidate\" data-status=\"init\">\n<fieldset class=\"hidden-fields-container\"><input type=\"hidden\" name=\"_wpcf7\" value=\"16803\" \/><input type=\"hidden\" name=\"_wpcf7_version\" value=\"6.1.5\" \/><input type=\"hidden\" name=\"_wpcf7_locale\" value=\"fr_FR\" \/><input type=\"hidden\" name=\"_wpcf7_unit_tag\" value=\"wpcf7-f16803-o2\" \/><input type=\"hidden\" name=\"_wpcf7_container_post\" value=\"0\" \/><input type=\"hidden\" name=\"_wpcf7_posted_data_hash\" value=\"\" \/><input type=\"hidden\" name=\"_wpcf7_recaptcha_response\" value=\"\" \/>\n<\/fieldset>\n<p><label> <span class=\"wpcf7-form-control-wrap\" data-name=\"your-lastname\"><input size=\"40\" maxlength=\"400\" class=\"wpcf7-form-control wpcf7-text wpcf7-validates-as-required\" aria-required=\"true\" aria-invalid=\"false\" placeholder=\"Last Name\" value=\"\" type=\"text\" name=\"your-lastname\" \/><\/span> <\/label>\n<\/p>\n<p><label> <span class=\"wpcf7-form-control-wrap\" data-name=\"your-firstname\"><input size=\"40\" maxlength=\"400\" class=\"wpcf7-form-control wpcf7-text wpcf7-validates-as-required\" aria-required=\"true\" aria-invalid=\"false\" placeholder=\"First Name\" value=\"\" type=\"text\" name=\"your-firstname\" \/><\/span> <\/label>\n<\/p>\n<p><label> <span class=\"wpcf7-form-control-wrap\" data-name=\"your-phone\"><input size=\"40\" maxlength=\"400\" class=\"wpcf7-form-control wpcf7-tel wpcf7-validates-as-required wpcf7-text wpcf7-validates-as-tel\" aria-required=\"true\" aria-invalid=\"false\" placeholder=\"Phone\" value=\"\" type=\"tel\" name=\"your-phone\" \/><\/span> <\/label>\n<\/p>\n<p><label> <span class=\"wpcf7-form-control-wrap\" data-name=\"your-email\"><input size=\"40\" maxlength=\"400\" class=\"wpcf7-form-control wpcf7-email wpcf7-validates-as-required wpcf7-text wpcf7-validates-as-email\" aria-required=\"true\" aria-invalid=\"false\" placeholder=\"Email\" value=\"\" type=\"email\" name=\"your-email\" \/><\/span> <\/label>\n<\/p>\n<p><label> Type of property to evaluate *<br \/>\n<span class=\"wpcf7-form-control-wrap\" data-name=\"your-property-type\"><select class=\"wpcf7-form-control wpcf7-select wpcf7-validates-as-required\" aria-required=\"true\" aria-invalid=\"false\" name=\"your-property-type\"><option value=\"Single-family home\">Single-family home<\/option><option value=\"Condo\">Condo<\/option><option value=\"Multifamily\">Multifamily<\/option><option value=\"Commercial\">Commercial<\/option><option value=\"Land\">Land<\/option><option value=\"Other\">Other<\/option><\/select><\/span><br \/>\n<\/label>\n<\/p>\n<p><label> Purpose of evaluation *<br \/>\n<span class=\"wpcf7-form-control-wrap\" data-name=\"your-service\"><select class=\"wpcf7-form-control wpcf7-select wpcf7-validates-as-required\" aria-required=\"true\" aria-invalid=\"false\" name=\"your-service\"><option value=\"Purchase\">Purchase<\/option><option value=\"Refinancing\">Refinancing<\/option><option value=\"Separation\">Separation<\/option><option value=\"Litigation\">Litigation<\/option><option value=\"Tax purposes\">Tax purposes<\/option><option value=\"Estate\">Estate<\/option><option value=\"Market listing\">Market listing<\/option><\/select><\/span><\/label>\n<\/p>\n<p><label> <span class=\"wpcf7-form-control-wrap\" data-name=\"your-address\"><input size=\"40\" maxlength=\"400\" class=\"wpcf7-form-control wpcf7-text wpcf7-validates-as-required\" aria-required=\"true\" aria-invalid=\"false\" placeholder=\"Property Address\" value=\"\" type=\"text\" name=\"your-address\" \/><\/span> <\/label>\n<\/p>\n<p><label> <span class=\"wpcf7-form-control-wrap\" data-name=\"your-sale-deadline\"><input size=\"40\" maxlength=\"400\" class=\"wpcf7-form-control wpcf7-text\" aria-invalid=\"false\" placeholder=\"Sale Deadline (if applicable)\" value=\"\" type=\"text\" name=\"your-sale-deadline\" \/><\/span> <\/label>\n<\/p>\n<p><label> <span class=\"wpcf7-form-control-wrap\" data-name=\"your-message\"><textarea cols=\"40\" rows=\"10\" maxlength=\"2000\" class=\"wpcf7-form-control wpcf7-textarea\" aria-invalid=\"false\" placeholder=\"Additional Information\" name=\"your-message\"><\/textarea><\/span> <\/label>\n<\/p>\n\n<p><button class=\"wpcf7-form-control wpcf7-submit black_button has-spinner\" type=\"submit\"><br \/>\n<i class=\"pe-7s-right-arrow\">Submit<\/i><br \/>\n<\/button>\n<\/p><div class=\"wpcf7-response-output\" aria-hidden=\"true\"><\/div>\n<\/form>\n<\/div>\nOUR MISSIONOur Mission, our Vision and our Values<\/p>\n","protected":false},"author":1,"featured_media":0,"parent":0,"menu_order":0,"comment_status":"closed","ping_status":"closed","template":"","meta":{"_acf_changed":false,"_et_pb_use_builder":"on","_et_pb_old_content":"","_et_gb_content_width":"","footnotes":""},"class_list":["post-16492","page","type-page","status-publish","hentry"],"acf":[],"yoast_head":"<!-- This site is optimized with the Yoast SEO plugin v27.2 - https:\/\/yoast.com\/product\/yoast-seo-wordpress\/ -->\n<title>Appraisal Request - Paris Ladouceur | \u00c9valuation immobili\u00e8re \u00e0 Laval et Montr\u00e9al<\/title>\n<meta name=\"robots\" content=\"index, follow, max-snippet:-1, max-image-preview:large, max-video-preview:-1\" \/>\n<link rel=\"canonical\" href=\"https:\/\/parisladouceur.ca\/demande-devaluation\/\" \/>\n<meta property=\"og:locale\" content=\"en_US\" \/>\n<meta property=\"og:type\" content=\"article\" \/>\n<meta property=\"og:title\" content=\"Appraisal Request - Paris Ladouceur | \u00c9valuation immobili\u00e8re \u00e0 Laval et Montr\u00e9al\" \/>\n<meta property=\"og:description\" content=\"Appraisal RequestOUR MISSIONOur Mission, our Vision and our Values\" \/>\n<meta property=\"og:url\" content=\"https:\/\/parisladouceur.ca\/demande-devaluation\/\" \/>\n<meta property=\"og:site_name\" content=\"Paris Ladouceur | \u00c9valuation immobili\u00e8re \u00e0 Laval et Montr\u00e9al\" \/>\n<meta property=\"article:modified_time\" content=\"2024-08-26T17:13:54+00:00\" \/>\n<meta name=\"twitter:card\" content=\"summary_large_image\" \/>\n<meta name=\"twitter:label1\" content=\"Est. reading time\" \/>\n\t<meta name=\"twitter:data1\" content=\"4 minutes\" \/>\n<script type=\"application\/ld+json\" class=\"yoast-schema-graph\">{\"@context\":\"https:\/\/schema.org\",\"@graph\":[{\"@type\":\"WebPage\",\"@id\":\"https:\/\/parisladouceur.ca\/demande-devaluation\/\",\"url\":\"https:\/\/parisladouceur.ca\/demande-devaluation\/\",\"name\":\"Appraisal Request - Paris Ladouceur | \u00c9valuation immobili\u00e8re \u00e0 Laval et Montr\u00e9al\",\"isPartOf\":{\"@id\":\"https:\/\/parisladouceur.ca\/#website\"},\"datePublished\":\"2024-04-24T14:42:12+00:00\",\"dateModified\":\"2024-08-26T17:13:54+00:00\",\"breadcrumb\":{\"@id\":\"https:\/\/parisladouceur.ca\/demande-devaluation\/#breadcrumb\"},\"inLanguage\":\"en-US\",\"potentialAction\":[{\"@type\":\"ReadAction\",\"target\":[\"https:\/\/parisladouceur.ca\/demande-devaluation\/\"]}]},{\"@type\":\"BreadcrumbList\",\"@id\":\"https:\/\/parisladouceur.ca\/demande-devaluation\/#breadcrumb\",\"itemListElement\":[{\"@type\":\"ListItem\",\"position\":1,\"name\":\"Accueil\",\"item\":\"https:\/\/parisladouceur.ca\/en\/home\/\"},{\"@type\":\"ListItem\",\"position\":2,\"name\":\"Appraisal Request\"}]},{\"@type\":\"WebSite\",\"@id\":\"https:\/\/parisladouceur.ca\/#website\",\"url\":\"https:\/\/parisladouceur.ca\/\",\"name\":\"Paris Ladouceur | \u00c9valuation immobili\u00e8re \u00e0 Laval et Montr\u00e9al\",\"description\":\"\u00c9valuateurs agr\u00e9\u00e9s pour tous vos besoins immobiliers\",\"potentialAction\":[{\"@type\":\"SearchAction\",\"target\":{\"@type\":\"EntryPoint\",\"urlTemplate\":\"https:\/\/parisladouceur.ca\/?s={search_term_string}\"},\"query-input\":{\"@type\":\"PropertyValueSpecification\",\"valueRequired\":true,\"valueName\":\"search_term_string\"}}],\"inLanguage\":\"en-US\"}]}<\/script>\n<!-- \/ Yoast SEO plugin. -->","yoast_head_json":{"title":"Appraisal Request - Paris Ladouceur | \u00c9valuation immobili\u00e8re \u00e0 Laval et Montr\u00e9al","robots":{"index":"index","follow":"follow","max-snippet":"max-snippet:-1","max-image-preview":"max-image-preview:large","max-video-preview":"max-video-preview:-1"},"canonical":"https:\/\/parisladouceur.ca\/demande-devaluation\/","og_locale":"en_US","og_type":"article","og_title":"Appraisal Request - Paris Ladouceur | \u00c9valuation immobili\u00e8re \u00e0 Laval et Montr\u00e9al","og_description":"Appraisal RequestOUR MISSIONOur Mission, our Vision and our Values","og_url":"https:\/\/parisladouceur.ca\/demande-devaluation\/","og_site_name":"Paris Ladouceur | \u00c9valuation immobili\u00e8re \u00e0 Laval et Montr\u00e9al","article_modified_time":"2024-08-26T17:13:54+00:00","twitter_card":"summary_large_image","twitter_misc":{"Est. reading time":"4 minutes"},"schema":{"@context":"https:\/\/schema.org","@graph":[{"@type":"WebPage","@id":"https:\/\/parisladouceur.ca\/demande-devaluation\/","url":"https:\/\/parisladouceur.ca\/demande-devaluation\/","name":"Appraisal Request - Paris Ladouceur | \u00c9valuation immobili\u00e8re \u00e0 Laval et Montr\u00e9al","isPartOf":{"@id":"https:\/\/parisladouceur.ca\/#website"},"datePublished":"2024-04-24T14:42:12+00:00","dateModified":"2024-08-26T17:13:54+00:00","breadcrumb":{"@id":"https:\/\/parisladouceur.ca\/demande-devaluation\/#breadcrumb"},"inLanguage":"en-US","potentialAction":[{"@type":"ReadAction","target":["https:\/\/parisladouceur.ca\/demande-devaluation\/"]}]},{"@type":"BreadcrumbList","@id":"https:\/\/parisladouceur.ca\/demande-devaluation\/#breadcrumb","itemListElement":[{"@type":"ListItem","position":1,"name":"Accueil","item":"https:\/\/parisladouceur.ca\/en\/home\/"},{"@type":"ListItem","position":2,"name":"Appraisal Request"}]},{"@type":"WebSite","@id":"https:\/\/parisladouceur.ca\/#website","url":"https:\/\/parisladouceur.ca\/","name":"Paris Ladouceur | \u00c9valuation immobili\u00e8re \u00e0 Laval et Montr\u00e9al","description":"\u00c9valuateurs agr\u00e9\u00e9s pour tous vos besoins immobiliers","potentialAction":[{"@type":"SearchAction","target":{"@type":"EntryPoint","urlTemplate":"https:\/\/parisladouceur.ca\/?s={search_term_string}"},"query-input":{"@type":"PropertyValueSpecification","valueRequired":true,"valueName":"search_term_string"}}],"inLanguage":"en-US"}]}},"_links":{"self":[{"href":"https:\/\/parisladouceur.ca\/en\/wp-json\/wp\/v2\/pages\/16492","targetHints":{"allow":["GET"]}}],"collection":[{"href":"https:\/\/parisladouceur.ca\/en\/wp-json\/wp\/v2\/pages"}],"about":[{"href":"https:\/\/parisladouceur.ca\/en\/wp-json\/wp\/v2\/types\/page"}],"author":[{"embeddable":true,"href":"https:\/\/parisladouceur.ca\/en\/wp-json\/wp\/v2\/users\/1"}],"replies":[{"embeddable":true,"href":"https:\/\/parisladouceur.ca\/en\/wp-json\/wp\/v2\/comments?post=16492"}],"version-history":[{"count":3,"href":"https:\/\/parisladouceur.ca\/en\/wp-json\/wp\/v2\/pages\/16492\/revisions"}],"predecessor-version":[{"id":16804,"href":"https:\/\/parisladouceur.ca\/en\/wp-json\/wp\/v2\/pages\/16492\/revisions\/16804"}],"wp:attachment":[{"href":"https:\/\/parisladouceur.ca\/en\/wp-json\/wp\/v2\/media?parent=16492"}],"curies":[{"name":"wp","href":"https:\/\/api.w.org\/{rel}","templated":true}]}}